{"id":1267,"date":"2023-04-03T10:32:54","date_gmt":"2023-04-03T08:32:54","guid":{"rendered":"https:\/\/www.irisprocess.fr\/?page_id=1267"},"modified":"2023-04-04T00:08:49","modified_gmt":"2023-04-03T22:08:49","slug":"accueil","status":"publish","type":"page","link":"https:\/\/www.irisprocess.fr\/","title":{"rendered":"Accueil"},"content":{"rendered":"\t\t<div data-elementor-type=\"wp-page\" data-elementor-id=\"1267\" class=\"elementor elementor-1267\" data-elementor-post-type=\"page\">\n\t\t\t\t\t\t<section class=\"elementor-section elementor-top-section elementor-element elementor-element-86415af elementor-section-boxed elementor-section-height-default elementor-section-height-default\" data-id=\"86415af\" data-element_type=\"section\" data-e-type=\"section\">\n\t\t\t\t\t\t<div class=\"elementor-container elementor-column-gap-default\">\n\t\t\t\t\t<div class=\"elementor-column elementor-col-100 elementor-top-column elementor-element elementor-element-fdac96b\" data-id=\"fdac96b\" data-element_type=\"column\" data-e-type=\"column\">\n\t\t\t<div class=\"elementor-widget-wrap elementor-element-populated\">\n\t\t\t\t\t\t<div class=\"elementor-element elementor-element-340d8b6 elementor-widget elementor-widget-heading\" data-id=\"340d8b6\" data-element_type=\"widget\" data-e-type=\"widget\" data-widget_type=\"heading.default\">\n\t\t\t\t<div class=\"elementor-widget-container\">\n\t\t\t\t\t<h2 class=\"elementor-heading-title elementor-size-default\">IRIS PROCESS<\/h2>\t\t\t\t<\/div>\n\t\t\t\t<\/div>\n\t\t\t\t\t<\/div>\n\t\t<\/div>\n\t\t\t\t\t<\/div>\n\t\t<\/section>\n\t\t\t\t<section class=\"elementor-section elementor-top-section elementor-element elementor-element-fa97176 elementor-section-boxed elementor-section-height-default elementor-section-height-default\" data-id=\"fa97176\" data-element_type=\"section\" data-e-type=\"section\">\n\t\t\t\t\t\t<div class=\"elementor-container elementor-column-gap-default\">\n\t\t\t\t\t<div class=\"elementor-column elementor-col-100 elementor-top-column elementor-element elementor-element-390223e\" data-id=\"390223e\" data-element_type=\"column\" data-e-type=\"column\">\n\t\t\t<div class=\"elementor-widget-wrap elementor-element-populated\">\n\t\t\t\t\t\t<div class=\"elementor-element elementor-element-8611264 elementor-widget elementor-widget-text-editor\" data-id=\"8611264\" data-element_type=\"widget\" data-e-type=\"widget\" data-widget_type=\"text-editor.default\">\n\t\t\t\t<div class=\"elementor-widget-container\">\n\t\t\t\t\t\t\t\t\t<p>Post traitement photogramm\u00e9trique, analyses g\u00e9ospatiale et mod\u00e9lisation 3D.<\/p>\t\t\t\t\t\t\t\t<\/div>\n\t\t\t\t<\/div>\n\t\t\t\t\t<\/div>\n\t\t<\/div>\n\t\t\t\t\t<\/div>\n\t\t<\/section>\n\t\t\t\t<section class=\"elementor-section elementor-top-section elementor-element elementor-element-2b7e64c elementor-section-content-middle elementor-section-boxed elementor-section-height-default elementor-section-height-default\" data-id=\"2b7e64c\" data-element_type=\"section\" data-e-type=\"section\">\n\t\t\t\t\t\t<div class=\"elementor-container elementor-column-gap-default\">\n\t\t\t\t\t<div class=\"elementor-column elementor-col-50 elementor-top-column elementor-element elementor-element-2f5794d\" data-id=\"2f5794d\" data-element_type=\"column\" data-e-type=\"column\">\n\t\t\t<div class=\"elementor-widget-wrap elementor-element-populated\">\n\t\t\t\t\t\t<div class=\"elementor-element elementor-element-b09acec elementor-widget elementor-widget-image\" data-id=\"b09acec\" data-element_type=\"widget\" data-e-type=\"widget\" data-widget_type=\"image.default\">\n\t\t\t\t<div class=\"elementor-widget-container\">\n\t\t\t\t\t\t\t\t\t\t\t\t\t\t\t<img fetchpriority=\"high\" decoding=\"async\" width=\"800\" height=\"434\" src=\"https:\/\/www.irisprocess.fr\/wp-content\/uploads\/2022\/05\/St_Radegonde_render_01-1024x555.png\" class=\"attachment-large size-large wp-image-1144\" alt=\"\" srcset=\"https:\/\/www.irisprocess.fr\/wp-content\/uploads\/2022\/05\/St_Radegonde_render_01-1024x555.png 1024w, https:\/\/www.irisprocess.fr\/wp-content\/uploads\/2022\/05\/St_Radegonde_render_01-300x163.png 300w, https:\/\/www.irisprocess.fr\/wp-content\/uploads\/2022\/05\/St_Radegonde_render_01-768x416.png 768w, https:\/\/www.irisprocess.fr\/wp-content\/uploads\/2022\/05\/St_Radegonde_render_01-1536x832.png 1536w, https:\/\/www.irisprocess.fr\/wp-content\/uploads\/2022\/05\/St_Radegonde_render_01-2048x1109.png 2048w\" sizes=\"(max-width: 800px) 100vw, 800px\" \/>\t\t\t\t\t\t\t\t\t\t\t\t\t\t\t<\/div>\n\t\t\t\t<\/div>\n\t\t\t\t\t<\/div>\n\t\t<\/div>\n\t\t\t\t<div class=\"elementor-column elementor-col-50 elementor-top-column elementor-element elementor-element-c18d273\" data-id=\"c18d273\" data-element_type=\"column\" data-e-type=\"column\">\n\t\t\t<div class=\"elementor-widget-wrap elementor-element-populated\">\n\t\t\t\t\t\t<div class=\"elementor-element elementor-element-f3364e6 elementor-widget elementor-widget-text-editor\" data-id=\"f3364e6\" data-element_type=\"widget\" data-e-type=\"widget\" data-widget_type=\"text-editor.default\">\n\t\t\t\t<div class=\"elementor-widget-container\">\n\t\t\t\t\t\t\t\t\t<p>Sp\u00e9cialiste du post-traitement et de l&rsquo;analyse des donn\u00e9es, Iris Process se charge pour vous des parties les plus chronophages et co\u00fbteuses en investissement mat\u00e9riel dans les domaines de la production de produits 3D et g\u00e9ospatiaux:<\/p><p>Production des mod\u00e8les photogramm\u00e9triques \u00e0 partir d&rsquo;un jeu de donn\u00e9es (photographies ou laser) fourni ou non.<\/p><p>Mise en forme des r\u00e9sultats d&rsquo;analyses spatiales, cartes, bases de donn\u00e9es g\u00e9ographiques.<\/p><p>Mod\u00e9lisation 3D \u00e0 des fins de communication.<\/p>\t\t\t\t\t\t\t\t<\/div>\n\t\t\t\t<\/div>\n\t\t\t\t\t<\/div>\n\t\t<\/div>\n\t\t\t\t\t<\/div>\n\t\t<\/section>\n\t\t\t\t<\/div>\n\t\t","protected":false},"excerpt":{"rendered":"<p>IRIS PROCESS Post traitement photogramm\u00e9trique, analyses g\u00e9ospatiale et mod\u00e9lisation 3D. Sp\u00e9cialiste du post-traitement et de l&rsquo;analyse des donn\u00e9es, Iris Process se charge pour vous des parties les plus chronophages et co\u00fbteuses en investissement mat\u00e9riel dans les domaines de la production de produits 3D et g\u00e9ospatiaux: Production des mod\u00e8les photogramm\u00e9triques \u00e0 partir d&rsquo;un jeu de donn\u00e9es [&hellip;]<\/p>\n","protected":false},"author":1,"featured_media":680,"parent":0,"menu_order":0,"comment_status":"closed","ping_status":"closed","template":"","meta":{"footnotes":""},"class_list":["post-1267","page","type-page","status-publish","has-post-thumbnail","hentry"],"yoast_head":"<!-- This site is optimized with the Yoast SEO plugin v27.4 - https:\/\/yoast.com\/product\/yoast-seo-wordpress\/ -->\n<title>Accueil - IrisProcess<\/title>\n<meta name=\"description\" content=\"Iris Process propose un service de post traitement pour vos donn\u00e9es photogramm\u00e9triques, vos analyses g\u00e9ospatiales et de la mod\u00e9lisation 3D pour votre communication.\" \/>\n<meta name=\"robots\" content=\"index, follow, max-snippet:-1, max-image-preview:large, max-video-preview:-1\" \/>\n<link rel=\"canonical\" href=\"https:\/\/www.irisprocess.fr\/\" \/>\n<meta property=\"og:locale\" content=\"fr_FR\" \/>\n<meta property=\"og:type\" content=\"article\" \/>\n<meta property=\"og:title\" content=\"Accueil - IrisProcess\" \/>\n<meta property=\"og:description\" content=\"Iris Process propose un service de post traitement pour vos donn\u00e9es photogramm\u00e9triques, vos analyses g\u00e9ospatiales et de la mod\u00e9lisation 3D pour votre communication.\" \/>\n<meta property=\"og:url\" content=\"https:\/\/www.irisprocess.fr\/\" \/>\n<meta property=\"og:site_name\" content=\"IrisProcess\" \/>\n<meta property=\"article:modified_time\" content=\"2023-04-03T22:08:49+00:00\" \/>\n<meta property=\"og:image\" content=\"https:\/\/www.irisprocess.fr\/wp-content\/uploads\/2021\/04\/Abbaye_render_9-1024x576.png\" \/>\n\t<meta property=\"og:image:width\" content=\"1024\" \/>\n\t<meta property=\"og:image:height\" content=\"576\" \/>\n\t<meta property=\"og:image:type\" content=\"image\/png\" \/>\n<meta name=\"twitter:card\" content=\"summary_large_image\" \/>\n<meta name=\"twitter:label1\" content=\"Dur\u00e9e de lecture estim\u00e9e\" \/>\n\t<meta name=\"twitter:data1\" content=\"1 minute\" \/>\n<script type=\"application\/ld+json\" class=\"yoast-schema-graph\">{\"@context\":\"https:\\\/\\\/schema.org\",\"@graph\":[{\"@type\":\"WebPage\",\"@id\":\"https:\\\/\\\/www.irisprocess.fr\\\/\",\"url\":\"https:\\\/\\\/www.irisprocess.fr\\\/\",\"name\":\"Accueil - IrisProcess\",\"isPartOf\":{\"@id\":\"https:\\\/\\\/www.irisprocess.fr\\\/#website\"},\"primaryImageOfPage\":{\"@id\":\"https:\\\/\\\/www.irisprocess.fr\\\/#primaryimage\"},\"image\":{\"@id\":\"https:\\\/\\\/www.irisprocess.fr\\\/#primaryimage\"},\"thumbnailUrl\":\"https:\\\/\\\/www.irisprocess.fr\\\/wp-content\\\/uploads\\\/2021\\\/04\\\/Abbaye_render_9.png\",\"datePublished\":\"2023-04-03T08:32:54+00:00\",\"dateModified\":\"2023-04-03T22:08:49+00:00\",\"description\":\"Iris Process propose un service de post traitement pour vos donn\u00e9es photogramm\u00e9triques, vos analyses g\u00e9ospatiales et de la mod\u00e9lisation 3D pour votre communication.\",\"breadcrumb\":{\"@id\":\"https:\\\/\\\/www.irisprocess.fr\\\/#breadcrumb\"},\"inLanguage\":\"fr-FR\",\"potentialAction\":[{\"@type\":\"ReadAction\",\"target\":[\"https:\\\/\\\/www.irisprocess.fr\\\/\"]}]},{\"@type\":\"ImageObject\",\"inLanguage\":\"fr-FR\",\"@id\":\"https:\\\/\\\/www.irisprocess.fr\\\/#primaryimage\",\"url\":\"https:\\\/\\\/www.irisprocess.fr\\\/wp-content\\\/uploads\\\/2021\\\/04\\\/Abbaye_render_9.png\",\"contentUrl\":\"https:\\\/\\\/www.irisprocess.fr\\\/wp-content\\\/uploads\\\/2021\\\/04\\\/Abbaye_render_9.png\",\"width\":1920,\"height\":1080,\"caption\":\"Iris Process image 1\"},{\"@type\":\"BreadcrumbList\",\"@id\":\"https:\\\/\\\/www.irisprocess.fr\\\/#breadcrumb\",\"itemListElement\":[{\"@type\":\"ListItem\",\"position\":1,\"name\":\"Accueil\",\"item\":\"https:\\\/\\\/www.irisprocess.fr\\\/\"},{\"@type\":\"ListItem\",\"position\":2,\"name\":\"Accueil\"}]},{\"@type\":\"WebSite\",\"@id\":\"https:\\\/\\\/www.irisprocess.fr\\\/#website\",\"url\":\"https:\\\/\\\/www.irisprocess.fr\\\/\",\"name\":\"IrisProcess\",\"description\":\"Photogrammetry - 3D model - Geospatial\",\"publisher\":{\"@id\":\"https:\\\/\\\/www.irisprocess.fr\\\/#organization\"},\"potentialAction\":[{\"@type\":\"SearchAction\",\"target\":{\"@type\":\"EntryPoint\",\"urlTemplate\":\"https:\\\/\\\/www.irisprocess.fr\\\/?s={search_term_string}\"},\"query-input\":{\"@type\":\"PropertyValueSpecification\",\"valueRequired\":true,\"valueName\":\"search_term_string\"}}],\"inLanguage\":\"fr-FR\"},{\"@type\":\"Organization\",\"@id\":\"https:\\\/\\\/www.irisprocess.fr\\\/#organization\",\"name\":\"IrisProcess\",\"url\":\"https:\\\/\\\/www.irisprocess.fr\\\/\",\"logo\":{\"@type\":\"ImageObject\",\"inLanguage\":\"fr-FR\",\"@id\":\"https:\\\/\\\/www.irisprocess.fr\\\/#\\\/schema\\\/logo\\\/image\\\/\",\"url\":\"https:\\\/\\\/www.irisprocess.fr\\\/wp-content\\\/uploads\\\/2020\\\/10\\\/lettrage-noir-scaled.jpg\",\"contentUrl\":\"https:\\\/\\\/www.irisprocess.fr\\\/wp-content\\\/uploads\\\/2020\\\/10\\\/lettrage-noir-scaled.jpg\",\"width\":2560,\"height\":2205,\"caption\":\"IrisProcess\"},\"image\":{\"@id\":\"https:\\\/\\\/www.irisprocess.fr\\\/#\\\/schema\\\/logo\\\/image\\\/\"},\"sameAs\":[\"https:\\\/\\\/www.linkedin.com\\\/company\\\/69218926\\\/\",\"https:\\\/\\\/www.instagram.com\\\/irisprocess.fr\\\/\"]}]}<\/script>\n<!-- \/ Yoast SEO plugin. -->","yoast_head_json":{"title":"Accueil - IrisProcess","description":"Iris Process propose un service de post traitement pour vos donn\u00e9es photogramm\u00e9triques, vos analyses g\u00e9ospatiales et de la mod\u00e9lisation 3D pour votre communication.","robots":{"index":"index","follow":"follow","max-snippet":"max-snippet:-1","max-image-preview":"max-image-preview:large","max-video-preview":"max-video-preview:-1"},"canonical":"https:\/\/www.irisprocess.fr\/","og_locale":"fr_FR","og_type":"article","og_title":"Accueil - IrisProcess","og_description":"Iris Process propose un service de post traitement pour vos donn\u00e9es photogramm\u00e9triques, vos analyses g\u00e9ospatiales et de la mod\u00e9lisation 3D pour votre communication.","og_url":"https:\/\/www.irisprocess.fr\/","og_site_name":"IrisProcess","article_modified_time":"2023-04-03T22:08:49+00:00","og_image":[{"width":1024,"height":576,"url":"https:\/\/www.irisprocess.fr\/wp-content\/uploads\/2021\/04\/Abbaye_render_9-1024x576.png","type":"image\/png"}],"twitter_card":"summary_large_image","twitter_misc":{"Dur\u00e9e de lecture estim\u00e9e":"1 minute"},"schema":{"@context":"https:\/\/schema.org","@graph":[{"@type":"WebPage","@id":"https:\/\/www.irisprocess.fr\/","url":"https:\/\/www.irisprocess.fr\/","name":"Accueil - IrisProcess","isPartOf":{"@id":"https:\/\/www.irisprocess.fr\/#website"},"primaryImageOfPage":{"@id":"https:\/\/www.irisprocess.fr\/#primaryimage"},"image":{"@id":"https:\/\/www.irisprocess.fr\/#primaryimage"},"thumbnailUrl":"https:\/\/www.irisprocess.fr\/wp-content\/uploads\/2021\/04\/Abbaye_render_9.png","datePublished":"2023-04-03T08:32:54+00:00","dateModified":"2023-04-03T22:08:49+00:00","description":"Iris Process propose un service de post traitement pour vos donn\u00e9es photogramm\u00e9triques, vos analyses g\u00e9ospatiales et de la mod\u00e9lisation 3D pour votre communication.","breadcrumb":{"@id":"https:\/\/www.irisprocess.fr\/#breadcrumb"},"inLanguage":"fr-FR","potentialAction":[{"@type":"ReadAction","target":["https:\/\/www.irisprocess.fr\/"]}]},{"@type":"ImageObject","inLanguage":"fr-FR","@id":"https:\/\/www.irisprocess.fr\/#primaryimage","url":"https:\/\/www.irisprocess.fr\/wp-content\/uploads\/2021\/04\/Abbaye_render_9.png","contentUrl":"https:\/\/www.irisprocess.fr\/wp-content\/uploads\/2021\/04\/Abbaye_render_9.png","width":1920,"height":1080,"caption":"Iris Process image 1"},{"@type":"BreadcrumbList","@id":"https:\/\/www.irisprocess.fr\/#breadcrumb","itemListElement":[{"@type":"ListItem","position":1,"name":"Accueil","item":"https:\/\/www.irisprocess.fr\/"},{"@type":"ListItem","position":2,"name":"Accueil"}]},{"@type":"WebSite","@id":"https:\/\/www.irisprocess.fr\/#website","url":"https:\/\/www.irisprocess.fr\/","name":"IrisProcess","description":"Photogrammetry - 3D model - Geospatial","publisher":{"@id":"https:\/\/www.irisprocess.fr\/#organization"},"potentialAction":[{"@type":"SearchAction","target":{"@type":"EntryPoint","urlTemplate":"https:\/\/www.irisprocess.fr\/?s={search_term_string}"},"query-input":{"@type":"PropertyValueSpecification","valueRequired":true,"valueName":"search_term_string"}}],"inLanguage":"fr-FR"},{"@type":"Organization","@id":"https:\/\/www.irisprocess.fr\/#organization","name":"IrisProcess","url":"https:\/\/www.irisprocess.fr\/","logo":{"@type":"ImageObject","inLanguage":"fr-FR","@id":"https:\/\/www.irisprocess.fr\/#\/schema\/logo\/image\/","url":"https:\/\/www.irisprocess.fr\/wp-content\/uploads\/2020\/10\/lettrage-noir-scaled.jpg","contentUrl":"https:\/\/www.irisprocess.fr\/wp-content\/uploads\/2020\/10\/lettrage-noir-scaled.jpg","width":2560,"height":2205,"caption":"IrisProcess"},"image":{"@id":"https:\/\/www.irisprocess.fr\/#\/schema\/logo\/image\/"},"sameAs":["https:\/\/www.linkedin.com\/company\/69218926\/","https:\/\/www.instagram.com\/irisprocess.fr\/"]}]}},"_links":{"self":[{"href":"https:\/\/www.irisprocess.fr\/index.php\/wp-json\/wp\/v2\/pages\/1267","targetHints":{"allow":["GET"]}}],"collection":[{"href":"https:\/\/www.irisprocess.fr\/index.php\/wp-json\/wp\/v2\/pages"}],"about":[{"href":"https:\/\/www.irisprocess.fr\/index.php\/wp-json\/wp\/v2\/types\/page"}],"author":[{"embeddable":true,"href":"https:\/\/www.irisprocess.fr\/index.php\/wp-json\/wp\/v2\/users\/1"}],"replies":[{"embeddable":true,"href":"https:\/\/www.irisprocess.fr\/index.php\/wp-json\/wp\/v2\/comments?post=1267"}],"version-history":[{"count":0,"href":"https:\/\/www.irisprocess.fr\/index.php\/wp-json\/wp\/v2\/pages\/1267\/revisions"}],"wp:featuredmedia":[{"embeddable":true,"href":"https:\/\/www.irisprocess.fr\/index.php\/wp-json\/wp\/v2\/media\/680"}],"wp:attachment":[{"href":"https:\/\/www.irisprocess.fr\/index.php\/wp-json\/wp\/v2\/media?parent=1267"}],"curies":[{"name":"wp","href":"https:\/\/api.w.org\/{rel}","templated":true}]}}