{"id":1269,"date":"2023-04-03T10:34:22","date_gmt":"2023-04-03T08:34:22","guid":{"rendered":"https:\/\/www.irisprocess.fr\/?page_id=1269"},"modified":"2023-04-04T16:44:28","modified_gmt":"2023-04-04T14:44:28","slug":"photogrammetrie","status":"publish","type":"page","link":"https:\/\/www.irisprocess.fr\/index.php\/photogrammetrie\/","title":{"rendered":"Photogramm\u00e9trie"},"content":{"rendered":"\t\t<div data-elementor-type=\"wp-page\" data-elementor-id=\"1269\" class=\"elementor elementor-1269\" data-elementor-post-type=\"page\">\n\t\t\t\t\t\t<section class=\"elementor-section elementor-top-section elementor-element elementor-element-d8a199e elementor-section-boxed elementor-section-height-default elementor-section-height-default\" data-id=\"d8a199e\" data-element_type=\"section\" data-e-type=\"section\">\n\t\t\t\t\t\t<div class=\"elementor-container elementor-column-gap-default\">\n\t\t\t\t\t<div class=\"elementor-column elementor-col-100 elementor-top-column elementor-element elementor-element-01a87ab\" data-id=\"01a87ab\" data-element_type=\"column\" data-e-type=\"column\">\n\t\t\t<div class=\"elementor-widget-wrap elementor-element-populated\">\n\t\t\t\t\t\t<div class=\"elementor-element elementor-element-09fce70 elementor-widget elementor-widget-heading\" data-id=\"09fce70\" data-element_type=\"widget\" data-e-type=\"widget\" data-widget_type=\"heading.default\">\n\t\t\t\t<div class=\"elementor-widget-container\">\n\t\t\t\t\t<h2 class=\"elementor-heading-title elementor-size-default\">Photogramm\u00e9trie<\/h2>\t\t\t\t<\/div>\n\t\t\t\t<\/div>\n\t\t\t\t\t<\/div>\n\t\t<\/div>\n\t\t\t\t\t<\/div>\n\t\t<\/section>\n\t\t\t\t<section class=\"elementor-section elementor-top-section elementor-element elementor-element-51a7d6f elementor-section-boxed elementor-section-height-default elementor-section-height-default\" data-id=\"51a7d6f\" data-element_type=\"section\" data-e-type=\"section\">\n\t\t\t\t\t\t<div class=\"elementor-container elementor-column-gap-default\">\n\t\t\t\t\t<div class=\"elementor-column elementor-col-50 elementor-top-column elementor-element elementor-element-af08a2c\" data-id=\"af08a2c\" data-element_type=\"column\" data-e-type=\"column\">\n\t\t\t<div class=\"elementor-widget-wrap elementor-element-populated\">\n\t\t\t\t\t\t<div class=\"elementor-element elementor-element-21458b7 elementor-widget elementor-widget-video\" data-id=\"21458b7\" data-element_type=\"widget\" data-e-type=\"widget\" data-settings=\"{&quot;video_type&quot;:&quot;hosted&quot;,&quot;mute&quot;:&quot;yes&quot;,&quot;controls&quot;:&quot;yes&quot;}\" data-widget_type=\"video.default\">\n\t\t\t\t<div class=\"elementor-widget-container\">\n\t\t\t\t\t\t\t<div class=\"e-hosted-video elementor-wrapper elementor-open-inline\">\n\t\t\t\t\t<video class=\"elementor-video\" src=\"https:\/\/www.irisprocess.fr\/Demonstration\/Sorde.mp4\" controls=\"\" preload=\"auto\" muted=\"muted\" poster=\"https:\/\/www.irisprocess.fr\/wp-content\/uploads\/2021\/04\/Abbaye_render_9.png\"><\/video>\n\t\t\t\t<\/div>\n\t\t\t\t\t\t<\/div>\n\t\t\t\t<\/div>\n\t\t\t\t\t<\/div>\n\t\t<\/div>\n\t\t\t\t<div class=\"elementor-column elementor-col-50 elementor-top-column elementor-element elementor-element-0e0bdeb\" data-id=\"0e0bdeb\" data-element_type=\"column\" data-e-type=\"column\">\n\t\t\t<div class=\"elementor-widget-wrap elementor-element-populated\">\n\t\t\t\t\t\t<div class=\"elementor-element elementor-element-5719de5 elementor-widget elementor-widget-text-editor\" data-id=\"5719de5\" data-element_type=\"widget\" data-e-type=\"widget\" data-widget_type=\"text-editor.default\">\n\t\t\t\t<div class=\"elementor-widget-container\">\n\t\t\t\t\t\t\t\t\t<p>La photogramm\u00e9trie est une technique de mesure et de mod\u00e9lisation en 3D qui utilise des images a\u00e9riennes ou terrestres pour cr\u00e9er des mod\u00e8les num\u00e9riques de terrain, des mod\u00e8les d&rsquo;objets et des cartes topographiques. Cette technologie offre de nombreux avantages pour diverses applications, notamment en g\u00e9nie civil, en urbanisme, en g\u00e9ologie, en arch\u00e9ologie et en agriculture.<\/p><p>L&rsquo;un des principaux avantages de la photogramm\u00e9trie est qu&rsquo;elle permet de collecter des donn\u00e9es avec une grande pr\u00e9cision et une grande r\u00e9solution spatiale. En utilisant des drones \u00e9quip\u00e9s de cam\u00e9ras haute r\u00e9solution, les professionnels peuvent collecter des donn\u00e9es pr\u00e9cises sur une zone g\u00e9ographique sp\u00e9cifique sans avoir \u00e0 se d\u00e9placer sur le terrain. Les images sont ensuite utilis\u00e9es pour cr\u00e9er des mod\u00e8les 3D et des cartes topographiques qui peuvent \u00eatre utilis\u00e9s pour des analyses pr\u00e9cises.<\/p><p>Un autre avantage de la photogramm\u00e9trie est qu&rsquo;elle est beaucoup plus rapide et moins co\u00fbteuse que les m\u00e9thodes traditionnelles de mesure et de cartographie. En utilisant des drones pour collecter des donn\u00e9es, les professionnels peuvent couvrir une zone g\u00e9ographique plus grande en moins de temps, sans avoir \u00e0 mobiliser une grande \u00e9quipe de terrain. Cela permet de r\u00e9aliser des \u00e9conomies de temps et d&rsquo;argent pour les projets de cartographie et de mesure.<\/p>\t\t\t\t\t\t\t\t<\/div>\n\t\t\t\t<\/div>\n\t\t\t\t\t<\/div>\n\t\t<\/div>\n\t\t\t\t\t<\/div>\n\t\t<\/section>\n\t\t\t\t<section class=\"elementor-section elementor-top-section elementor-element elementor-element-e340292 elementor-section-boxed elementor-section-height-default elementor-section-height-default\" data-id=\"e340292\" data-element_type=\"section\" data-e-type=\"section\">\n\t\t\t\t\t\t<div class=\"elementor-container elementor-column-gap-default\">\n\t\t\t\t\t<div class=\"elementor-column elementor-col-100 elementor-top-column elementor-element elementor-element-8c78053\" data-id=\"8c78053\" data-element_type=\"column\" data-e-type=\"column\">\n\t\t\t<div class=\"elementor-widget-wrap elementor-element-populated\">\n\t\t\t\t\t\t<div class=\"elementor-element elementor-element-f8e7610 elementor-widget elementor-widget-text-editor\" data-id=\"f8e7610\" data-element_type=\"widget\" data-e-type=\"widget\" data-widget_type=\"text-editor.default\">\n\t\t\t\t<div class=\"elementor-widget-container\">\n\t\t\t\t\t\t\t\t\t<p>De plus, la photogramm\u00e9trie offre une grande souplesse et une grande adaptabilit\u00e9 en mati\u00e8re de donn\u00e9es. Les images collect\u00e9es peuvent \u00eatre utilis\u00e9es pour cr\u00e9er diff\u00e9rents types de mod\u00e8les 3D, de cartes topographiques et de plans d&rsquo;occupation des sols, selon les besoins du projet. Les professionnels peuvent \u00e9galement ajouter des donn\u00e9es suppl\u00e9mentaires \u00e0 ces mod\u00e8les, telles que des informations sur les sols, les v\u00e9g\u00e9tations et les infrastructures.<\/p><p>Enfin, la photogramm\u00e9trie permet de r\u00e9aliser des analyses et des simulations avanc\u00e9es en utilisant des donn\u00e9es pr\u00e9cises et d\u00e9taill\u00e9es. Les professionnels peuvent utiliser les mod\u00e8les 3D cr\u00e9\u00e9s \u00e0 partir des images pour effectuer des simulations d&rsquo;inondations, des \u00e9tudes de potentiel solaire, des analyses de pente et d&rsquo;autres analyses avanc\u00e9es.<\/p><p>En somme, la photogramm\u00e9trie est une technologie puissante et polyvalente qui offre de nombreux avantages pour les professionnels dans divers domaines. Elle permet de collecter des donn\u00e9es pr\u00e9cises et d\u00e9taill\u00e9es rapidement et de mani\u00e8re \u00e9conomique, offrant ainsi une grande flexibilit\u00e9 et une grande adaptabilit\u00e9 pour les projets de mesure et de cartographie.<\/p>\t\t\t\t\t\t\t\t<\/div>\n\t\t\t\t<\/div>\n\t\t\t\t\t<\/div>\n\t\t<\/div>\n\t\t\t\t\t<\/div>\n\t\t<\/section>\n\t\t\t\t<section class=\"elementor-section elementor-top-section elementor-element elementor-element-09f68da elementor-section-boxed elementor-section-height-default elementor-section-height-default\" data-id=\"09f68da\" data-element_type=\"section\" data-e-type=\"section\">\n\t\t\t\t\t\t<div class=\"elementor-container elementor-column-gap-default\">\n\t\t\t\t\t<div class=\"elementor-column elementor-col-100 elementor-top-column elementor-element elementor-element-60e54ed\" data-id=\"60e54ed\" data-element_type=\"column\" data-e-type=\"column\">\n\t\t\t<div class=\"elementor-widget-wrap elementor-element-populated\">\n\t\t\t\t\t\t<div class=\"elementor-element elementor-element-8ec0181 elementor-widget elementor-widget-text-editor\" data-id=\"8ec0181\" data-element_type=\"widget\" data-e-type=\"widget\" data-widget_type=\"text-editor.default\">\n\t\t\t\t<div class=\"elementor-widget-container\">\n\t\t\t\t\t\t\t\t\t<p>Cependant, comme toutes les disciplines qui traitent de donn\u00e9es 3D, ces produits et proc\u00e9d\u00e9s de traitement demandent un effort d&rsquo;investissement important, au niveau du mat\u00e9riel (syst\u00e8mes informatiques d\u00e9di\u00e9s aux calculs), au niveau des logiciels (tr\u00e8s on\u00e9reux et peu simples d&rsquo;utilisation), mais aussi et surtout du temps (formation, maintient du niveau de comp\u00e9tence, et bien \u00e9videmment, temps de calculs).<\/p><p>C&rsquo;est la qu&rsquo;intervient IrisProcess. En effectuant pour vous les calculs et op\u00e9rations n\u00e9cessaires pour obtenir les livrables que demandent vos clients.<\/p>\t\t\t\t\t\t\t\t<\/div>\n\t\t\t\t<\/div>\n\t\t\t\t\t<\/div>\n\t\t<\/div>\n\t\t\t\t\t<\/div>\n\t\t<\/section>\n\t\t\t\t<\/div>\n\t\t","protected":false},"excerpt":{"rendered":"<p>Photogramm\u00e9trie https:\/\/www.irisprocess.fr\/Demonstration\/Sorde.mp4 La photogramm\u00e9trie est une technique de mesure et de mod\u00e9lisation en 3D qui utilise des images a\u00e9riennes ou terrestres pour cr\u00e9er des mod\u00e8les num\u00e9riques de terrain, des mod\u00e8les d&rsquo;objets et des cartes topographiques. Cette technologie offre de nombreux avantages pour diverses applications, notamment en g\u00e9nie civil, en urbanisme, en g\u00e9ologie, en arch\u00e9ologie et [&hellip;]<\/p>\n","protected":false},"author":1,"featured_media":0,"parent":0,"menu_order":0,"comment_status":"closed","ping_status":"closed","template":"","meta":{"footnotes":""},"class_list":["post-1269","page","type-page","status-publish","hentry"],"yoast_head":"<!-- This site is optimized with the Yoast SEO plugin v27.4 - https:\/\/yoast.com\/product\/yoast-seo-wordpress\/ -->\n<title>Photogramm\u00e9trie - IrisProcess<\/title>\n<meta name=\"robots\" content=\"index, follow, max-snippet:-1, max-image-preview:large, max-video-preview:-1\" \/>\n<link rel=\"canonical\" href=\"https:\/\/www.irisprocess.fr\/index.php\/photogrammetrie\/\" \/>\n<meta property=\"og:locale\" content=\"fr_FR\" \/>\n<meta property=\"og:type\" content=\"article\" \/>\n<meta property=\"og:title\" content=\"Photogramm\u00e9trie - IrisProcess\" \/>\n<meta property=\"og:description\" content=\"Photogramm\u00e9trie https:\/\/www.irisprocess.fr\/Demonstration\/Sorde.mp4 La photogramm\u00e9trie est une technique de mesure et de mod\u00e9lisation en 3D qui utilise des images a\u00e9riennes ou terrestres pour cr\u00e9er des mod\u00e8les num\u00e9riques de terrain, des mod\u00e8les d&rsquo;objets et des cartes topographiques. Cette technologie offre de nombreux avantages pour diverses applications, notamment en g\u00e9nie civil, en urbanisme, en g\u00e9ologie, en arch\u00e9ologie et [&hellip;]\" \/>\n<meta property=\"og:url\" content=\"https:\/\/www.irisprocess.fr\/index.php\/photogrammetrie\/\" \/>\n<meta property=\"og:site_name\" content=\"IrisProcess\" \/>\n<meta property=\"article:modified_time\" content=\"2023-04-04T14:44:28+00:00\" \/>\n<meta name=\"twitter:card\" content=\"summary_large_image\" \/>\n<meta name=\"twitter:label1\" content=\"Dur\u00e9e de lecture estim\u00e9e\" \/>\n\t<meta name=\"twitter:data1\" content=\"3 minutes\" \/>\n<script type=\"application\/ld+json\" class=\"yoast-schema-graph\">{\"@context\":\"https:\\\/\\\/schema.org\",\"@graph\":[{\"@type\":\"WebPage\",\"@id\":\"https:\\\/\\\/www.irisprocess.fr\\\/index.php\\\/photogrammetrie\\\/\",\"url\":\"https:\\\/\\\/www.irisprocess.fr\\\/index.php\\\/photogrammetrie\\\/\",\"name\":\"Photogramm\u00e9trie - IrisProcess\",\"isPartOf\":{\"@id\":\"https:\\\/\\\/www.irisprocess.fr\\\/#website\"},\"datePublished\":\"2023-04-03T08:34:22+00:00\",\"dateModified\":\"2023-04-04T14:44:28+00:00\",\"breadcrumb\":{\"@id\":\"https:\\\/\\\/www.irisprocess.fr\\\/index.php\\\/photogrammetrie\\\/#breadcrumb\"},\"inLanguage\":\"fr-FR\",\"potentialAction\":[{\"@type\":\"ReadAction\",\"target\":[\"https:\\\/\\\/www.irisprocess.fr\\\/index.php\\\/photogrammetrie\\\/\"]}]},{\"@type\":\"BreadcrumbList\",\"@id\":\"https:\\\/\\\/www.irisprocess.fr\\\/index.php\\\/photogrammetrie\\\/#breadcrumb\",\"itemListElement\":[{\"@type\":\"ListItem\",\"position\":1,\"name\":\"Accueil\",\"item\":\"https:\\\/\\\/www.irisprocess.fr\\\/\"},{\"@type\":\"ListItem\",\"position\":2,\"name\":\"Photogramm\u00e9trie\"}]},{\"@type\":\"WebSite\",\"@id\":\"https:\\\/\\\/www.irisprocess.fr\\\/#website\",\"url\":\"https:\\\/\\\/www.irisprocess.fr\\\/\",\"name\":\"IrisProcess\",\"description\":\"Photogrammetry - 3D model - Geospatial\",\"publisher\":{\"@id\":\"https:\\\/\\\/www.irisprocess.fr\\\/#organization\"},\"potentialAction\":[{\"@type\":\"SearchAction\",\"target\":{\"@type\":\"EntryPoint\",\"urlTemplate\":\"https:\\\/\\\/www.irisprocess.fr\\\/?s={search_term_string}\"},\"query-input\":{\"@type\":\"PropertyValueSpecification\",\"valueRequired\":true,\"valueName\":\"search_term_string\"}}],\"inLanguage\":\"fr-FR\"},{\"@type\":\"Organization\",\"@id\":\"https:\\\/\\\/www.irisprocess.fr\\\/#organization\",\"name\":\"IrisProcess\",\"url\":\"https:\\\/\\\/www.irisprocess.fr\\\/\",\"logo\":{\"@type\":\"ImageObject\",\"inLanguage\":\"fr-FR\",\"@id\":\"https:\\\/\\\/www.irisprocess.fr\\\/#\\\/schema\\\/logo\\\/image\\\/\",\"url\":\"https:\\\/\\\/www.irisprocess.fr\\\/wp-content\\\/uploads\\\/2020\\\/10\\\/lettrage-noir-scaled.jpg\",\"contentUrl\":\"https:\\\/\\\/www.irisprocess.fr\\\/wp-content\\\/uploads\\\/2020\\\/10\\\/lettrage-noir-scaled.jpg\",\"width\":2560,\"height\":2205,\"caption\":\"IrisProcess\"},\"image\":{\"@id\":\"https:\\\/\\\/www.irisprocess.fr\\\/#\\\/schema\\\/logo\\\/image\\\/\"},\"sameAs\":[\"https:\\\/\\\/www.linkedin.com\\\/company\\\/69218926\\\/\",\"https:\\\/\\\/www.instagram.com\\\/irisprocess.fr\\\/\"]}]}<\/script>\n<!-- \/ Yoast SEO plugin. -->","yoast_head_json":{"title":"Photogramm\u00e9trie - IrisProcess","robots":{"index":"index","follow":"follow","max-snippet":"max-snippet:-1","max-image-preview":"max-image-preview:large","max-video-preview":"max-video-preview:-1"},"canonical":"https:\/\/www.irisprocess.fr\/index.php\/photogrammetrie\/","og_locale":"fr_FR","og_type":"article","og_title":"Photogramm\u00e9trie - IrisProcess","og_description":"Photogramm\u00e9trie https:\/\/www.irisprocess.fr\/Demonstration\/Sorde.mp4 La photogramm\u00e9trie est une technique de mesure et de mod\u00e9lisation en 3D qui utilise des images a\u00e9riennes ou terrestres pour cr\u00e9er des mod\u00e8les num\u00e9riques de terrain, des mod\u00e8les d&rsquo;objets et des cartes topographiques. Cette technologie offre de nombreux avantages pour diverses applications, notamment en g\u00e9nie civil, en urbanisme, en g\u00e9ologie, en arch\u00e9ologie et [&hellip;]","og_url":"https:\/\/www.irisprocess.fr\/index.php\/photogrammetrie\/","og_site_name":"IrisProcess","article_modified_time":"2023-04-04T14:44:28+00:00","twitter_card":"summary_large_image","twitter_misc":{"Dur\u00e9e de lecture estim\u00e9e":"3 minutes"},"schema":{"@context":"https:\/\/schema.org","@graph":[{"@type":"WebPage","@id":"https:\/\/www.irisprocess.fr\/index.php\/photogrammetrie\/","url":"https:\/\/www.irisprocess.fr\/index.php\/photogrammetrie\/","name":"Photogramm\u00e9trie - IrisProcess","isPartOf":{"@id":"https:\/\/www.irisprocess.fr\/#website"},"datePublished":"2023-04-03T08:34:22+00:00","dateModified":"2023-04-04T14:44:28+00:00","breadcrumb":{"@id":"https:\/\/www.irisprocess.fr\/index.php\/photogrammetrie\/#breadcrumb"},"inLanguage":"fr-FR","potentialAction":[{"@type":"ReadAction","target":["https:\/\/www.irisprocess.fr\/index.php\/photogrammetrie\/"]}]},{"@type":"BreadcrumbList","@id":"https:\/\/www.irisprocess.fr\/index.php\/photogrammetrie\/#breadcrumb","itemListElement":[{"@type":"ListItem","position":1,"name":"Accueil","item":"https:\/\/www.irisprocess.fr\/"},{"@type":"ListItem","position":2,"name":"Photogramm\u00e9trie"}]},{"@type":"WebSite","@id":"https:\/\/www.irisprocess.fr\/#website","url":"https:\/\/www.irisprocess.fr\/","name":"IrisProcess","description":"Photogrammetry - 3D model - Geospatial","publisher":{"@id":"https:\/\/www.irisprocess.fr\/#organization"},"potentialAction":[{"@type":"SearchAction","target":{"@type":"EntryPoint","urlTemplate":"https:\/\/www.irisprocess.fr\/?s={search_term_string}"},"query-input":{"@type":"PropertyValueSpecification","valueRequired":true,"valueName":"search_term_string"}}],"inLanguage":"fr-FR"},{"@type":"Organization","@id":"https:\/\/www.irisprocess.fr\/#organization","name":"IrisProcess","url":"https:\/\/www.irisprocess.fr\/","logo":{"@type":"ImageObject","inLanguage":"fr-FR","@id":"https:\/\/www.irisprocess.fr\/#\/schema\/logo\/image\/","url":"https:\/\/www.irisprocess.fr\/wp-content\/uploads\/2020\/10\/lettrage-noir-scaled.jpg","contentUrl":"https:\/\/www.irisprocess.fr\/wp-content\/uploads\/2020\/10\/lettrage-noir-scaled.jpg","width":2560,"height":2205,"caption":"IrisProcess"},"image":{"@id":"https:\/\/www.irisprocess.fr\/#\/schema\/logo\/image\/"},"sameAs":["https:\/\/www.linkedin.com\/company\/69218926\/","https:\/\/www.instagram.com\/irisprocess.fr\/"]}]}},"_links":{"self":[{"href":"https:\/\/www.irisprocess.fr\/index.php\/wp-json\/wp\/v2\/pages\/1269","targetHints":{"allow":["GET"]}}],"collection":[{"href":"https:\/\/www.irisprocess.fr\/index.php\/wp-json\/wp\/v2\/pages"}],"about":[{"href":"https:\/\/www.irisprocess.fr\/index.php\/wp-json\/wp\/v2\/types\/page"}],"author":[{"embeddable":true,"href":"https:\/\/www.irisprocess.fr\/index.php\/wp-json\/wp\/v2\/users\/1"}],"replies":[{"embeddable":true,"href":"https:\/\/www.irisprocess.fr\/index.php\/wp-json\/wp\/v2\/comments?post=1269"}],"version-history":[{"count":18,"href":"https:\/\/www.irisprocess.fr\/index.php\/wp-json\/wp\/v2\/pages\/1269\/revisions"}],"predecessor-version":[{"id":1561,"href":"https:\/\/www.irisprocess.fr\/index.php\/wp-json\/wp\/v2\/pages\/1269\/revisions\/1561"}],"wp:attachment":[{"href":"https:\/\/www.irisprocess.fr\/index.php\/wp-json\/wp\/v2\/media?parent=1269"}],"curies":[{"name":"wp","href":"https:\/\/api.w.org\/{rel}","templated":true}]}}