{"id":1271,"date":"2023-04-03T10:34:03","date_gmt":"2023-04-03T08:34:03","guid":{"rendered":"https:\/\/www.irisprocess.fr\/?page_id=1271"},"modified":"2023-04-04T16:54:25","modified_gmt":"2023-04-04T14:54:25","slug":"geospatial","status":"publish","type":"page","link":"https:\/\/www.irisprocess.fr\/index.php\/geospatial\/","title":{"rendered":"G\u00e9ospatial"},"content":{"rendered":"\t\t<div data-elementor-type=\"wp-page\" data-elementor-id=\"1271\" class=\"elementor elementor-1271\" data-elementor-post-type=\"page\">\n\t\t\t\t\t\t<section class=\"elementor-section elementor-top-section elementor-element elementor-element-65870de elementor-section-boxed elementor-section-height-default elementor-section-height-default\" data-id=\"65870de\" data-element_type=\"section\" data-e-type=\"section\">\n\t\t\t\t\t\t<div class=\"elementor-container elementor-column-gap-default\">\n\t\t\t\t\t<div class=\"elementor-column elementor-col-100 elementor-top-column elementor-element elementor-element-0ae9c9b\" data-id=\"0ae9c9b\" data-element_type=\"column\" data-e-type=\"column\">\n\t\t\t<div class=\"elementor-widget-wrap elementor-element-populated\">\n\t\t\t\t\t\t<div class=\"elementor-element elementor-element-8b2ab2d elementor-widget elementor-widget-heading\" data-id=\"8b2ab2d\" data-element_type=\"widget\" data-e-type=\"widget\" data-widget_type=\"heading.default\">\n\t\t\t\t<div class=\"elementor-widget-container\">\n\t\t\t\t\t<h2 class=\"elementor-heading-title elementor-size-default\">G\u00e9ospatial<\/h2>\t\t\t\t<\/div>\n\t\t\t\t<\/div>\n\t\t\t\t\t<\/div>\n\t\t<\/div>\n\t\t\t\t\t<\/div>\n\t\t<\/section>\n\t\t\t\t<section class=\"elementor-section elementor-top-section elementor-element elementor-element-c781bb7 elementor-section-boxed elementor-section-height-default elementor-section-height-default\" data-id=\"c781bb7\" data-element_type=\"section\" data-e-type=\"section\">\n\t\t\t\t\t\t<div class=\"elementor-container elementor-column-gap-default\">\n\t\t\t\t\t<div class=\"elementor-column elementor-col-50 elementor-top-column elementor-element elementor-element-df1ac72\" data-id=\"df1ac72\" data-element_type=\"column\" data-e-type=\"column\">\n\t\t\t<div class=\"elementor-widget-wrap elementor-element-populated\">\n\t\t\t\t\t\t<div class=\"elementor-element elementor-element-be6db7c elementor-widget elementor-widget-image\" data-id=\"be6db7c\" data-element_type=\"widget\" data-e-type=\"widget\" data-widget_type=\"image.default\">\n\t\t\t\t<div class=\"elementor-widget-container\">\n\t\t\t\t\t\t\t\t\t\t\t\t\t\t\t<img fetchpriority=\"high\" decoding=\"async\" width=\"724\" height=\"1024\" src=\"https:\/\/www.irisprocess.fr\/wp-content\/uploads\/2020\/10\/Centre-bourg-724x1024.png\" class=\"attachment-large size-large wp-image-146\" alt=\"\" srcset=\"https:\/\/www.irisprocess.fr\/wp-content\/uploads\/2020\/10\/Centre-bourg-724x1024.png 724w, https:\/\/www.irisprocess.fr\/wp-content\/uploads\/2020\/10\/Centre-bourg-212x300.png 212w, https:\/\/www.irisprocess.fr\/wp-content\/uploads\/2020\/10\/Centre-bourg-768x1086.png 768w, https:\/\/www.irisprocess.fr\/wp-content\/uploads\/2020\/10\/Centre-bourg-1086x1536.png 1086w, https:\/\/www.irisprocess.fr\/wp-content\/uploads\/2020\/10\/Centre-bourg-1448x2048.png 1448w\" sizes=\"(max-width: 724px) 100vw, 724px\" \/>\t\t\t\t\t\t\t\t\t\t\t\t\t\t\t<\/div>\n\t\t\t\t<\/div>\n\t\t\t\t\t<\/div>\n\t\t<\/div>\n\t\t\t\t<div class=\"elementor-column elementor-col-50 elementor-top-column elementor-element elementor-element-6cefac0\" data-id=\"6cefac0\" data-element_type=\"column\" data-e-type=\"column\">\n\t\t\t<div class=\"elementor-widget-wrap elementor-element-populated\">\n\t\t\t\t\t\t<div class=\"elementor-element elementor-element-65f9900 elementor-widget elementor-widget-text-editor\" data-id=\"65f9900\" data-element_type=\"widget\" data-e-type=\"widget\" data-widget_type=\"text-editor.default\">\n\t\t\t\t<div class=\"elementor-widget-container\">\n\t\t\t\t\t\t\t\t\t<p>L&rsquo;analyse g\u00e9ospatiale est une m\u00e9thode d&rsquo;analyse de donn\u00e9es qui int\u00e8gre des informations g\u00e9ographiques et spatiales. Elle consiste \u00e0 collecter, traiter et analyser des donn\u00e9es g\u00e9ographiques \u00e0 l&rsquo;aide de technologies telles que les syst\u00e8mes d&rsquo;information g\u00e9ographique (SIG), les cartes et les images satellites.<\/p><p>Cette technique permet de comprendre les relations spatiales entre les donn\u00e9es et d&rsquo;obtenir des informations pr\u00e9cieuses sur les mod\u00e8les et les tendances g\u00e9ographiques. Elle est largement utilis\u00e9e dans de nombreux domaines, notamment dans la planification urbaine, l&rsquo;environnement, les transports, l&rsquo;agriculture, la gestion des ressources naturelles, la s\u00e9curit\u00e9 publique, la sant\u00e9 publique, la gestion des catastrophes naturelles et bien d&rsquo;autres.<\/p><p>IrisProcess vous propose de g\u00e9n\u00e9rer des outils de visualisation des donn\u00e9es spatiales collect\u00e9es, pour les rendre plus accessibles et compr\u00e9hensibles, sous la forme de cartes ais\u00e9ment exploitables.<\/p>\t\t\t\t\t\t\t\t<\/div>\n\t\t\t\t<\/div>\n\t\t\t\t\t<\/div>\n\t\t<\/div>\n\t\t\t\t\t<\/div>\n\t\t<\/section>\n\t\t\t\t<\/div>\n\t\t","protected":false},"excerpt":{"rendered":"<p>G\u00e9ospatial L&rsquo;analyse g\u00e9ospatiale est une m\u00e9thode d&rsquo;analyse de donn\u00e9es qui int\u00e8gre des informations g\u00e9ographiques et spatiales. Elle consiste \u00e0 collecter, traiter et analyser des donn\u00e9es g\u00e9ographiques \u00e0 l&rsquo;aide de technologies telles que les syst\u00e8mes d&rsquo;information g\u00e9ographique (SIG), les cartes et les images satellites. Cette technique permet de comprendre les relations spatiales entre les donn\u00e9es et [&hellip;]<\/p>\n","protected":false},"author":1,"featured_media":0,"parent":0,"menu_order":0,"comment_status":"closed","ping_status":"closed","template":"","meta":{"footnotes":""},"class_list":["post-1271","page","type-page","status-publish","hentry"],"yoast_head":"<!-- This site is optimized with the Yoast SEO plugin v27.4 - https:\/\/yoast.com\/product\/yoast-seo-wordpress\/ -->\n<title>G\u00e9ospatial - IrisProcess<\/title>\n<meta name=\"robots\" content=\"index, follow, max-snippet:-1, max-image-preview:large, max-video-preview:-1\" \/>\n<link rel=\"canonical\" href=\"https:\/\/www.irisprocess.fr\/index.php\/geospatial\/\" \/>\n<meta property=\"og:locale\" content=\"fr_FR\" \/>\n<meta property=\"og:type\" content=\"article\" \/>\n<meta property=\"og:title\" content=\"G\u00e9ospatial - IrisProcess\" \/>\n<meta property=\"og:description\" content=\"G\u00e9ospatial L&rsquo;analyse g\u00e9ospatiale est une m\u00e9thode d&rsquo;analyse de donn\u00e9es qui int\u00e8gre des informations g\u00e9ographiques et spatiales. Elle consiste \u00e0 collecter, traiter et analyser des donn\u00e9es g\u00e9ographiques \u00e0 l&rsquo;aide de technologies telles que les syst\u00e8mes d&rsquo;information g\u00e9ographique (SIG), les cartes et les images satellites. Cette technique permet de comprendre les relations spatiales entre les donn\u00e9es et [&hellip;]\" \/>\n<meta property=\"og:url\" content=\"https:\/\/www.irisprocess.fr\/index.php\/geospatial\/\" \/>\n<meta property=\"og:site_name\" content=\"IrisProcess\" \/>\n<meta property=\"article:modified_time\" content=\"2023-04-04T14:54:25+00:00\" \/>\n<meta property=\"og:image\" content=\"https:\/\/www.irisprocess.fr\/wp-content\/uploads\/2020\/10\/Centre-bourg-724x1024.png\" \/>\n<meta name=\"twitter:card\" content=\"summary_large_image\" \/>\n<meta name=\"twitter:label1\" content=\"Dur\u00e9e de lecture estim\u00e9e\" \/>\n\t<meta name=\"twitter:data1\" content=\"1 minute\" \/>\n<script type=\"application\/ld+json\" class=\"yoast-schema-graph\">{\"@context\":\"https:\\\/\\\/schema.org\",\"@graph\":[{\"@type\":\"WebPage\",\"@id\":\"https:\\\/\\\/www.irisprocess.fr\\\/index.php\\\/geospatial\\\/\",\"url\":\"https:\\\/\\\/www.irisprocess.fr\\\/index.php\\\/geospatial\\\/\",\"name\":\"G\u00e9ospatial - IrisProcess\",\"isPartOf\":{\"@id\":\"https:\\\/\\\/www.irisprocess.fr\\\/#website\"},\"primaryImageOfPage\":{\"@id\":\"https:\\\/\\\/www.irisprocess.fr\\\/index.php\\\/geospatial\\\/#primaryimage\"},\"image\":{\"@id\":\"https:\\\/\\\/www.irisprocess.fr\\\/index.php\\\/geospatial\\\/#primaryimage\"},\"thumbnailUrl\":\"https:\\\/\\\/www.irisprocess.fr\\\/wp-content\\\/uploads\\\/2020\\\/10\\\/Centre-bourg-724x1024.png\",\"datePublished\":\"2023-04-03T08:34:03+00:00\",\"dateModified\":\"2023-04-04T14:54:25+00:00\",\"breadcrumb\":{\"@id\":\"https:\\\/\\\/www.irisprocess.fr\\\/index.php\\\/geospatial\\\/#breadcrumb\"},\"inLanguage\":\"fr-FR\",\"potentialAction\":[{\"@type\":\"ReadAction\",\"target\":[\"https:\\\/\\\/www.irisprocess.fr\\\/index.php\\\/geospatial\\\/\"]}]},{\"@type\":\"ImageObject\",\"inLanguage\":\"fr-FR\",\"@id\":\"https:\\\/\\\/www.irisprocess.fr\\\/index.php\\\/geospatial\\\/#primaryimage\",\"url\":\"https:\\\/\\\/www.irisprocess.fr\\\/wp-content\\\/uploads\\\/2020\\\/10\\\/Centre-bourg.png\",\"contentUrl\":\"https:\\\/\\\/www.irisprocess.fr\\\/wp-content\\\/uploads\\\/2020\\\/10\\\/Centre-bourg.png\",\"width\":3507,\"height\":4960},{\"@type\":\"BreadcrumbList\",\"@id\":\"https:\\\/\\\/www.irisprocess.fr\\\/index.php\\\/geospatial\\\/#breadcrumb\",\"itemListElement\":[{\"@type\":\"ListItem\",\"position\":1,\"name\":\"Accueil\",\"item\":\"https:\\\/\\\/www.irisprocess.fr\\\/\"},{\"@type\":\"ListItem\",\"position\":2,\"name\":\"G\u00e9ospatial\"}]},{\"@type\":\"WebSite\",\"@id\":\"https:\\\/\\\/www.irisprocess.fr\\\/#website\",\"url\":\"https:\\\/\\\/www.irisprocess.fr\\\/\",\"name\":\"IrisProcess\",\"description\":\"Photogrammetry - 3D model - Geospatial\",\"publisher\":{\"@id\":\"https:\\\/\\\/www.irisprocess.fr\\\/#organization\"},\"potentialAction\":[{\"@type\":\"SearchAction\",\"target\":{\"@type\":\"EntryPoint\",\"urlTemplate\":\"https:\\\/\\\/www.irisprocess.fr\\\/?s={search_term_string}\"},\"query-input\":{\"@type\":\"PropertyValueSpecification\",\"valueRequired\":true,\"valueName\":\"search_term_string\"}}],\"inLanguage\":\"fr-FR\"},{\"@type\":\"Organization\",\"@id\":\"https:\\\/\\\/www.irisprocess.fr\\\/#organization\",\"name\":\"IrisProcess\",\"url\":\"https:\\\/\\\/www.irisprocess.fr\\\/\",\"logo\":{\"@type\":\"ImageObject\",\"inLanguage\":\"fr-FR\",\"@id\":\"https:\\\/\\\/www.irisprocess.fr\\\/#\\\/schema\\\/logo\\\/image\\\/\",\"url\":\"https:\\\/\\\/www.irisprocess.fr\\\/wp-content\\\/uploads\\\/2020\\\/10\\\/lettrage-noir-scaled.jpg\",\"contentUrl\":\"https:\\\/\\\/www.irisprocess.fr\\\/wp-content\\\/uploads\\\/2020\\\/10\\\/lettrage-noir-scaled.jpg\",\"width\":2560,\"height\":2205,\"caption\":\"IrisProcess\"},\"image\":{\"@id\":\"https:\\\/\\\/www.irisprocess.fr\\\/#\\\/schema\\\/logo\\\/image\\\/\"},\"sameAs\":[\"https:\\\/\\\/www.linkedin.com\\\/company\\\/69218926\\\/\",\"https:\\\/\\\/www.instagram.com\\\/irisprocess.fr\\\/\"]}]}<\/script>\n<!-- \/ Yoast SEO plugin. -->","yoast_head_json":{"title":"G\u00e9ospatial - IrisProcess","robots":{"index":"index","follow":"follow","max-snippet":"max-snippet:-1","max-image-preview":"max-image-preview:large","max-video-preview":"max-video-preview:-1"},"canonical":"https:\/\/www.irisprocess.fr\/index.php\/geospatial\/","og_locale":"fr_FR","og_type":"article","og_title":"G\u00e9ospatial - IrisProcess","og_description":"G\u00e9ospatial L&rsquo;analyse g\u00e9ospatiale est une m\u00e9thode d&rsquo;analyse de donn\u00e9es qui int\u00e8gre des informations g\u00e9ographiques et spatiales. Elle consiste \u00e0 collecter, traiter et analyser des donn\u00e9es g\u00e9ographiques \u00e0 l&rsquo;aide de technologies telles que les syst\u00e8mes d&rsquo;information g\u00e9ographique (SIG), les cartes et les images satellites. Cette technique permet de comprendre les relations spatiales entre les donn\u00e9es et [&hellip;]","og_url":"https:\/\/www.irisprocess.fr\/index.php\/geospatial\/","og_site_name":"IrisProcess","article_modified_time":"2023-04-04T14:54:25+00:00","og_image":[{"url":"https:\/\/www.irisprocess.fr\/wp-content\/uploads\/2020\/10\/Centre-bourg-724x1024.png","type":"","width":"","height":""}],"twitter_card":"summary_large_image","twitter_misc":{"Dur\u00e9e de lecture estim\u00e9e":"1 minute"},"schema":{"@context":"https:\/\/schema.org","@graph":[{"@type":"WebPage","@id":"https:\/\/www.irisprocess.fr\/index.php\/geospatial\/","url":"https:\/\/www.irisprocess.fr\/index.php\/geospatial\/","name":"G\u00e9ospatial - IrisProcess","isPartOf":{"@id":"https:\/\/www.irisprocess.fr\/#website"},"primaryImageOfPage":{"@id":"https:\/\/www.irisprocess.fr\/index.php\/geospatial\/#primaryimage"},"image":{"@id":"https:\/\/www.irisprocess.fr\/index.php\/geospatial\/#primaryimage"},"thumbnailUrl":"https:\/\/www.irisprocess.fr\/wp-content\/uploads\/2020\/10\/Centre-bourg-724x1024.png","datePublished":"2023-04-03T08:34:03+00:00","dateModified":"2023-04-04T14:54:25+00:00","breadcrumb":{"@id":"https:\/\/www.irisprocess.fr\/index.php\/geospatial\/#breadcrumb"},"inLanguage":"fr-FR","potentialAction":[{"@type":"ReadAction","target":["https:\/\/www.irisprocess.fr\/index.php\/geospatial\/"]}]},{"@type":"ImageObject","inLanguage":"fr-FR","@id":"https:\/\/www.irisprocess.fr\/index.php\/geospatial\/#primaryimage","url":"https:\/\/www.irisprocess.fr\/wp-content\/uploads\/2020\/10\/Centre-bourg.png","contentUrl":"https:\/\/www.irisprocess.fr\/wp-content\/uploads\/2020\/10\/Centre-bourg.png","width":3507,"height":4960},{"@type":"BreadcrumbList","@id":"https:\/\/www.irisprocess.fr\/index.php\/geospatial\/#breadcrumb","itemListElement":[{"@type":"ListItem","position":1,"name":"Accueil","item":"https:\/\/www.irisprocess.fr\/"},{"@type":"ListItem","position":2,"name":"G\u00e9ospatial"}]},{"@type":"WebSite","@id":"https:\/\/www.irisprocess.fr\/#website","url":"https:\/\/www.irisprocess.fr\/","name":"IrisProcess","description":"Photogrammetry - 3D model - Geospatial","publisher":{"@id":"https:\/\/www.irisprocess.fr\/#organization"},"potentialAction":[{"@type":"SearchAction","target":{"@type":"EntryPoint","urlTemplate":"https:\/\/www.irisprocess.fr\/?s={search_term_string}"},"query-input":{"@type":"PropertyValueSpecification","valueRequired":true,"valueName":"search_term_string"}}],"inLanguage":"fr-FR"},{"@type":"Organization","@id":"https:\/\/www.irisprocess.fr\/#organization","name":"IrisProcess","url":"https:\/\/www.irisprocess.fr\/","logo":{"@type":"ImageObject","inLanguage":"fr-FR","@id":"https:\/\/www.irisprocess.fr\/#\/schema\/logo\/image\/","url":"https:\/\/www.irisprocess.fr\/wp-content\/uploads\/2020\/10\/lettrage-noir-scaled.jpg","contentUrl":"https:\/\/www.irisprocess.fr\/wp-content\/uploads\/2020\/10\/lettrage-noir-scaled.jpg","width":2560,"height":2205,"caption":"IrisProcess"},"image":{"@id":"https:\/\/www.irisprocess.fr\/#\/schema\/logo\/image\/"},"sameAs":["https:\/\/www.linkedin.com\/company\/69218926\/","https:\/\/www.instagram.com\/irisprocess.fr\/"]}]}},"_links":{"self":[{"href":"https:\/\/www.irisprocess.fr\/index.php\/wp-json\/wp\/v2\/pages\/1271","targetHints":{"allow":["GET"]}}],"collection":[{"href":"https:\/\/www.irisprocess.fr\/index.php\/wp-json\/wp\/v2\/pages"}],"about":[{"href":"https:\/\/www.irisprocess.fr\/index.php\/wp-json\/wp\/v2\/types\/page"}],"author":[{"embeddable":true,"href":"https:\/\/www.irisprocess.fr\/index.php\/wp-json\/wp\/v2\/users\/1"}],"replies":[{"embeddable":true,"href":"https:\/\/www.irisprocess.fr\/index.php\/wp-json\/wp\/v2\/comments?post=1271"}],"version-history":[{"count":6,"href":"https:\/\/www.irisprocess.fr\/index.php\/wp-json\/wp\/v2\/pages\/1271\/revisions"}],"predecessor-version":[{"id":1573,"href":"https:\/\/www.irisprocess.fr\/index.php\/wp-json\/wp\/v2\/pages\/1271\/revisions\/1573"}],"wp:attachment":[{"href":"https:\/\/www.irisprocess.fr\/index.php\/wp-json\/wp\/v2\/media?parent=1271"}],"curies":[{"name":"wp","href":"https:\/\/api.w.org\/{rel}","templated":true}]}}